{"id":3,"date":"2020-09-24T11:06:52","date_gmt":"2020-09-24T11:06:52","guid":{"rendered":"https:\/\/harryquelocura.com\/?page_id=3"},"modified":"2024-12-09T04:43:29","modified_gmt":"2024-12-09T04:43:29","slug":"privacy-policy","status":"publish","type":"page","link":"https:\/\/harryquelocura.com\/index.php\/privacy-policy\/","title":{"rendered":"Pol\u00edtica de privacidad"},"content":{"rendered":"<p id=\"block-8100449a-2d2c-4b99-8277-9c66a6f57b38\">De acuerdo a la Ley Org\u00e1nica 3\/2018 LOPD-GDD y al Reglamento Europeo 2016\/679, RGPD de Protecci\u00f3n de Datos personales, hemos actualizado nuestra Pol\u00edtica de Privacidad. En esta web se respetan y cuidan los datos personales de los usuarios. Como usuario debes saber que tus derechos est\u00e1n garantizados.<\/p>\n<p id=\"block-631558e7-1a65-4d69-b9eb-f06e5891ef78\">Es preciso advertir que esta Pol\u00edtica de Privacidad podr\u00eda variar en funci\u00f3n de exigencias legislativas o de autorregulaci\u00f3n, por lo que se aconseja a los usuarios que la visiten peri\u00f3dicamente. Ser\u00e1 aplicable en caso de que los usuarios decidan rellenar alg\u00fan formulario de cualquiera de sus formularios de contacto donde se recaben datos de car\u00e1cter personal.<\/p>\n<p id=\"block-48547c66-2dc3-46c3-8767-93eebbe49abb\"><em>Cosasparagatos.com<\/em> ha adecuado esta web a las exigencias de la Ley Org\u00e1nica 3\/2018 LOPD-GDD de Protecci\u00f3n de Datos Personales y garant\u00eda de Derechos Digitales, al Reglamento (UE) 2016\/679 del Parlamento Europeo y del Consejo de 27 de abril de 2016 relativo a la protecci\u00f3n de las personas f\u00edsicas (RGPD), as\u00ed como con la Ley 34\/2002, de 11 de julio, de Servicios de la Sociedad de la Informaci\u00f3n y Comercio Electr\u00f3nico (LSSICE).<\/p>\n<p id=\"block-704b9b7e-711b-4625-8858-84ff5157ca52\"><strong>Responsable del tratamiento de tus datos personales<\/strong><\/p>\n<p id=\"block-7b288fe8-9fd3-41fd-9c08-b0a720f33982\">A efectos de lo previsto en el Reglamento General de Protecci\u00f3n de Datos antes citado y Ley de Servicios e la Sociedad de la Informaci\u00f3n y Comercio Electr\u00f3nico, los datos personales que nos env\u00edes a trav\u00e9s de los formularios de la web, recibir\u00e1n el tratamiento de datos de \u201cUsuarios de la web y suscriptores\u201d. Para el tratamiento de datos de los usuarios, implementamos todas las medidas t\u00e9cnicas y organizativas de seguridad establecidas en la legislaci\u00f3n vigente.<\/p>\n<p id=\"block-cbb0e4ab-1ac5-42d4-bfdf-7f41b86e5d5f\"><strong>Principios que aplicaremos a tu informaci\u00f3n personal<\/strong><\/p>\n<p id=\"block-7354271a-a633-4df6-a1d0-3407d8d5e7ea\">En el tratamiento de tus datos personales, aplicaremos los siguientes principios que se ajustan a las exigencias del nuevo reglamento europeo de protecci\u00f3n de datos:<\/p>\n<ul id=\"block-9933d5a9-306f-448e-bf11-3c2025639772\">\n<li><strong>Principio de licitud, lealtad y transparencia:<\/strong>\u00a0siempre vamos a requerir tu consentimiento para el tratamiento de tus datos personales para uno o varios fines espec\u00edficos que te informaremos previamente con absoluta transparencia.<\/li>\n<li><strong>Principio de minimizaci\u00f3n de datos:<\/strong>\u00a0solo vamos a solicitar datos estrictamente necesarios en relaci\u00f3n con los fines para los que los requerimos.<\/li>\n<li><strong>Principio de limitaci\u00f3n del plazo de conservaci\u00f3n:<\/strong>\u00a0los datos ser\u00e1n mantenidos durante no m\u00e1s tiempo del necesario para los fines del tratamiento, en funci\u00f3n a la finalidad, te informaremos del plazo de conservaci\u00f3n correspondiente, en el caso de suscripciones, peri\u00f3dicamente revisamos nuestras listas y eliminamos aquellos registros inactivos durante un tiempo considerable.<\/li>\n<li><strong>Principio de integridad y confidencialidad:<\/strong>\u00a0tus datos ser\u00e1n tratados de tal manera que se garantice una seguridad adecuada de los datos personales y se garantice confidencialidad.\u00a0Tomamos\u00a0todas las precauciones necesarias para evitar el acceso no autorizado o uso indebido de los datos de nuestros usuarios por parte de terceros.<\/li>\n<\/ul>\n<p id=\"block-9787f44c-9a45-430f-9bed-de623b20dea8\"><strong>\u00bfC\u00f3mo hemos obtenido tus datos?<\/strong><\/p>\n<p id=\"block-2c876241-e892-41ec-a1b0-aab9e7bd9d17\">Los datos personales que tratamos\u00a0proceden de:<\/p>\n<ul id=\"block-01e7e86a-8fc3-4604-acc3-0dfa4976406d\">\n<li>Formulario de\u00a0contacto<\/li>\n<li>Formulario de registro de cuenta<\/li>\n<\/ul>\n<p id=\"block-71c560f6-59d2-4f27-a26a-e3899fbd4e3d\"><strong>\u00bfCu\u00e1les son tus derechos cuando nos facilitas tus datos?<\/strong><\/p>\n<p id=\"block-ef05a7e1-01eb-4a8d-ae78-fed7e038fb15\">Las personas interesadas tienen derecho a:<\/p>\n<ul id=\"block-f5abdf69-d574-42c1-bb15-839f4b799b6f\">\n<li>Solicitar el acceso a los datos personales relativos al interesado<\/li>\n<li>Solicitar su rectificaci\u00f3n<\/li>\n<li>Solicitar su baja de nuestra base de datos<\/li>\n<li>Solicitar la limitaci\u00f3n de su tratamiento<\/li>\n<li>Oponerse al tratamiento<\/li>\n<\/ul>\n<p id=\"block-b1a09501-e1ae-48f5-aed0-5c0279c023a9\">Los interesados podr\u00e1n acceder a sus datos personales, as\u00ed como a solicitar la rectificaci\u00f3n de los datos inexactos o, en su caso, solicitar su eliminaci\u00f3n cuando, entre otros motivos, los datos ya no sean necesarios para los fines que fueron recogidos. En determinadas circunstancias, los interesados podr\u00e1n solicitar la limitaci\u00f3n del tratamiento de sus datos, en cuyo caso \u00fanicamente los conservaremos para el ejercicio o la defensa de reclamaciones. En determinadas circunstancias y por motivos relacionados con su situaci\u00f3n particular, los interesados podr\u00e1n oponerse al tratamiento de sus datos. www.harryquelocura<em>.com<\/em> dejar\u00e1 de tratar los datos, salvo por motivos leg\u00edtimos imperiosos, o el ejercicio o la defensa de posibles reclamaciones. Como interesado, tienes derecho a recibir los datos personales que te incumban, que nos hayas facilitado y en un formato estructurado, de uso com\u00fan y lectura mec\u00e1nica, y a transmitirlos a otro responsable del tratamiento cuando:<\/p>\n<ul id=\"block-bdf57381-9902-4936-9e6c-4137e9fb0aa3\">\n<li>El tratamiento est\u00e9 basado en el consentimiento<\/li>\n<li>Los datos hayan sido facilitados por la persona interesada.<\/li>\n<li>El tratamiento se efect\u00fae por medios automatizados.<\/li>\n<\/ul>\n<p id=\"block-f4e438d2-9467-4afd-980a-489811d0eef1\">Los interesados tambi\u00e9n tendr\u00e1n derecho a la tutela judicial efectiva y a presentar una reclamaci\u00f3n ante la autoridad de control, en este caso, la Agencia Espa\u00f1ola de Protecci\u00f3n de Datos, si consideran que el tratamiento de datos personales que le conciernen infringe el Reglamento.<\/p>\n<p id=\"block-bbe39322-a4a2-4952-acaa-bc69118d8a61\"><strong>\u00bfCon qu\u00e9 finalidad tratamos tus datos personales?<\/strong><\/p>\n<p id=\"block-55b65713-bd8a-4a7d-b75e-eba8f77f41d5\">Cuando un usuario se conecta con esta web para mandar un correo al titular, rellenar un formulario de contacto o de eventos, est\u00e1 facilitando informaci\u00f3n de car\u00e1cter personal de la que es responsable www.harryquelocura<em>.com<\/em> Esa informaci\u00f3n puede incluir datos de car\u00e1cter personal como pueden ser tu direcci\u00f3n IP, nombre, direcci\u00f3n f\u00edsica, direcci\u00f3n de correo electr\u00f3nico, n\u00famero de tel\u00e9fono, y otra informaci\u00f3n. Al facilitar esta informaci\u00f3n, el usuario da su consentimiento para que su informaci\u00f3n sea recopilada, utilizada, gestionada y almacenada por www.harryquelocura.com, s\u00f3lo como se describe en el Aviso Legal y en la presente Pol\u00edtica de Privacidad. En www.harryquelocura<em>.com<\/em> existen diferentes sistemas de captura de informaci\u00f3n personal y tratamos la informaci\u00f3n que nos facilitan las personas interesadas con el siguiente fin por cada sistema de captura (formularios):<\/p>\n<ul id=\"block-d791cdc0-aa94-41f1-881a-bef99d9b182f\">\n<li><strong>Formulario de contacto:<\/strong>\u00a0En este caso, solicitamos los siguientes datos personales: Nombre y apellidos, E-mail, prefijo y n\u00famero de tel\u00e9fono, Localidad, Pa\u00eds y comentario,\u00a0 para gestionar los datos facilitados por el usuario al enviar el formulario.<\/li>\n<li><strong>Formulario de registro de cuenta:<\/strong>\u00a0Solicitamos nombre de usuario, correo electr\u00f3nico, contrase\u00f1a, direcci\u00f3n de env\u00edo y direcci\u00f3n de facturaci\u00f3n para gestionar el registro y la compra. Se le requerir\u00e1n datos de contacto y de pago. Existen otras finalidades por la que tratamos tus datos personales:<\/li>\n<\/ul>\n<p id=\"block-7d6c2686-e471-4221-8411-f43a3e5ad9c5\">Para garantizar el cumplimiento de las condiciones de uso y la ley aplicable. Esto puede incluir el desarrollo de herramientas y algoritmos que ayudan a esta web a garantizar la confidencialidad de los datos personales que recoge.<\/p>\n<p id=\"block-54fb88a1-ea1a-4f2e-98aa-90a79c3a04ec\">Tambi\u00e9n se recogen otros datos no identificativos que se obtienen mediante algunas cookies que se descargan en el ordenador del usuario cuando navega en esta web que detallamos en la pol\u00edtica de cookies.<\/p>\n<p id=\"block-ec9dafec-5d9b-4c44-816b-b26cf89ecbdf\">De acuerdo a lo establecido en la Ley Org\u00e1nica 3\/2018 (LOPD-GDD) y en el reglamento general de protecci\u00f3n de datos europeo (RGPD) 2016\/679, www.harryquelocura<em>.co<\/em>m ser\u00e1 responsable del tratamiento de los datos correspondientes a Usuarios de la web y suscriptores. www.harryquelocura<em>.com<\/em>\u00a0no vende, alquila ni cede datos de car\u00e1cter personal que puedan identificar al usuario, ni lo har\u00e1 en el futuro, a terceros sin el consentimiento previo. Siempre se realizar\u00e1 con los m\u00e1s estrictos est\u00e1ndares de seguridad.<\/p>\n<p id=\"block-fe48317f-f91b-4263-ab4f-87b36d63bc3a\"><strong>Env\u00edo de mensajes de correo electr\u00f3nico a efectos de contacto<\/strong><\/p>\n<p id=\"block-7b6605d1-d824-4a0b-87d8-b58dfd832964\">Un caso especial de tratamiento de datos en www.harryquelocura<em>.com<\/em>, se refiere a los mensajes de correo electr\u00f3nico que los usuarios env\u00edan con el fin de contactar con nuestra empresa para realizar preguntas acerca de nuestros productos. Aunque existe un formulario de captaci\u00f3n de datos, a efectos de contacto, los usuarios pueden tambi\u00e9n enviar mensajes de correo electr\u00f3nico. Para este fin,\u00a0<em>Cosasparagatos.com<\/em> emplea el sistema de email Gmail (Google). Los mensajes de los usuarios con este prop\u00f3sito quedan almacenados en la cuenta de Gmail de www.harryquelocura<em>.com<\/em> y los datos correspondientes (email y nombre) bajo\u00a0<a href=\"https:\/\/policies.google.com\/privacy?hl=es\">la\u00a0pol\u00edtica de privacidad de Google.<\/a>\u00a0Los datos almacenados en la cuenta de Gmail ni se ceden ni se comparten con nadie y puedes ejercer tus derechos legales, seg\u00fan se especifica en esta pol\u00edtica de privacidad.<\/p>\n<p id=\"block-e56a7c97-cfb1-4e6e-8e33-40bef92bf5b0\"><strong>Legitimaci\u00f3n para el tratamiento de tus datos<\/strong><\/p>\n<p id=\"block-7e7fa7df-c26b-432f-a60d-8e153307c814\">La base legal para el tratamiento de sus datos es: el consentimiento.<br \/>Para contactar o enviar formularios en esta web se requiere el consentimiento de esta Pol\u00edtica de privacidad y Avisos Legal.<\/p>\n<p id=\"block-9779c67d-5731-4610-b497-46fcbd889dee\"><strong>Categor\u00eda de datos<\/strong><\/p>\n<p id=\"block-20d78aa7-e90b-42f2-a934-53a48627c3da\">Las categor\u00edas de datos que se tratan son datos identificativos. No se tratan categor\u00edas de datos especialmente protegidos.<\/p>\n<p id=\"block-1a337fa7-34be-4055-aa1e-2beb723ecf97\"><strong>\u00bfPor cu\u00e1nto tiempo conservaremos tus datos? Los datos personales proporcionados se conservar\u00e1n:<\/strong><\/p>\n<p id=\"block-d4ab4a22-2c9b-48a5-a91b-5d8ae135a4d9\">Hasta que no se solicite su baja por el interesado.<\/p>\n<p id=\"block-30de440d-008a-4f71-9984-414c54c09ab9\"><strong>\u00bfA qu\u00e9 destinatarios se comunicar\u00e1n tus datos?<\/strong><\/p>\n<p id=\"block-e5b29b42-5ca7-4b50-8b27-5064198c5a67\">Muchas herramientas que utilizamos para gestionar tus datos son contratados por terceros. Para prestar servicios estrictamente necesarios para el desarrollo de la actividad, www.harryquelocura.com, comparte datos con los siguientes prestadores bajo sus correspondientes condiciones de privacidad:<\/p>\n<p id=\"block-4a146dd8-560e-440b-a3b2-5a755dc32a17\"><strong>Google Analytics:<\/strong> un servicio anal\u00edtico de web prestado por Google, Inc., una compa\u00f1\u00eda de Delaware cuya oficina principal est\u00e1 en 1600 Amphitheatre Parkway, Mountain View (California), CA 94043, Estados Unidos (\u201cGoogle\u201d). Google Analytics utiliza \u201ccookies\u201d, que son archivos de texto ubicados en tu ordenador, para ayudar a www.harryquelocura.com a analizar el uso que hacen los usuarios del sitio web. La informaci\u00f3n que genera la cookie acerca de su uso de www.harryquelocura.com ser\u00e1 directamente transmitida y archivada por Google en los servidores de Estados Unidos. La direcci\u00f3n IP es anonimizada, por lo que no ser\u00e1 recopilada por Google.<\/p>\n<p id=\"block-e39e0b8c-ced4-4efc-9db8-fcf3b7682bda\"><strong>Gmail.<\/strong>\u00a0En este servicio se almacenan los mensajes enviados por los usuarios a efectos de contacto.<\/p>\n<p id=\"block-9437384f-c171-46ec-b6ff-45a31f134d2f\"><strong>Navegaci\u00f3n<\/strong><\/p>\n<p id=\"block-35fc0cfe-e776-48a8-a609-3f3793d4a302\">Al navegar por www.harryquelocura.com se pueden recoger datos no identificables, que pueden incluir, direcciones IP, ubicaci\u00f3n geogr\u00e1fica (aproximadamente), un registro de c\u00f3mo se utilizan los servicios y sitios, y otros datos que no pueden ser utilizados para identificar al usuario. Entre los datos no identificativos est\u00e1n tambi\u00e9n los relacionados a tus h\u00e1bitos de navegaci\u00f3n a trav\u00e9s de servicios de terceros. Esta web utiliza los siguientes servicios de an\u00e1lisis de terceros:<\/p>\n<ul id=\"block-3e0d85ec-4fd5-4ee1-bbc3-275e5d9ec66b\">\n<li>Google Analytics<\/li>\n<\/ul>\n<p id=\"block-d0c662bf-7ee1-47a2-a117-160cbf17665f\">Utilizamos esta informaci\u00f3n para analizar tendencias, administrar el sitio, rastrear los movimientos de los usuarios alrededor del sitio y para recopilar informaci\u00f3n demogr\u00e1fica sobre nuestra base de usuarios en su conjunto.<\/p>\n<p id=\"block-2d54ba7f-3bc5-4e16-9be9-ac1f52d70e89\"><strong>Secreto y seguridad de los datos<\/strong><\/p>\n<p id=\"block-7d3cead4-c715-41d7-adad-b576d66a269e\">www.harryquelocura.com se compromete en el uso y tratamiento de los datos incluidos personales de los usuarios, respetando su confidencialidad y a utilizarlos de acuerdo con la finalidad del mismo, as\u00ed como a dar cumplimiento a su obligaci\u00f3n de guardarlos y adaptar todas las medidas para evitar la alteraci\u00f3n, p\u00e9rdida, tratamiento o acceso no autorizado, de conformidad con lo establecido en la normativa vigente de protecci\u00f3n de datos.<\/p>\n<p id=\"block-33cf4ee3-5c91-4247-8e8c-4e36a40f42bf\">www.harryquelocura.com no puede garantizar la absoluta inexpugnabilidad de la red Internet y por tanto la violaci\u00f3n de los datos mediante accesos fraudulentos a ellos por parte de terceros.<\/p>\n<p id=\"block-69575ecd-272b-4caf-bccf-dfc02a454ba1\">Con respecto a la confidencialidad del procesamiento, www.harryquelocura<em>.com<\/em> se asegurar\u00e1 de que cualquier persona que est\u00e9 autorizada por nosotros para procesar los datos del cliente (incluido su personal, colaboradores y prestadores), estar\u00e1 bajo la obligaci\u00f3n apropiada de confidencialidad (ya sea un deber contractual o legal).<\/p>\n<p id=\"block-19e15946-ee0a-45c9-b632-6617a0be421f\">Cuando se presente alg\u00fan incidente de seguridad, al darse cuenta www.harryquelocura<em>.com<\/em> ,deber\u00e1 notificar al Cliente sin demoras indebidas y deber\u00e1 proporcionar informaci\u00f3n oportuna relacionada con el Incidente de Seguridad tal como se conozca o cuando el Cliente lo solicite razonablemente.<\/p>\n<p id=\"block-2c911f7f-0a75-44cb-bbde-3934f3c7c03d\"><strong>Exactitud y veracidad de los datos<\/strong><\/p>\n<p id=\"block-cfb93ede-1d5d-462f-9cca-b7a32c7a26c4\">Como usuario, eres el \u00fanico responsable de la veracidad y correcci\u00f3n de los datos que remitas a www.harryquelocura.com exonerando a www.harryquelocura<em>.com<\/em>, de cualquier responsabilidad al respecto.<\/p>\n<p id=\"block-93e6bffb-9a96-4454-a0e6-309cb659b078\">Los usuarios garantizan y responden, en cualquier caso, de la exactitud, vigencia y autenticidad de los datos personales facilitados, y se comprometen a mantenerlos debidamente actualizados. El usuario acepta proporcionar informaci\u00f3n completa y correcta en el formulario de contacto o de Cursos y Eventos.<\/p>\n<p id=\"block-bfe6300d-d3f1-45ff-9528-6c667b1d965b\"><strong>Aceptaci\u00f3n y consentimiento<\/strong><\/p>\n<p id=\"block-ade7b39c-4490-4b1f-8b9c-beda1a001df0\">El usuario declara haber sido informado de las condiciones sobre protecci\u00f3n de datos de car\u00e1cter personal, aceptando y consintiendo el tratamiento de los mismos por parte de www.harryquelocura<em>.com<\/em> en la forma y para las finalidades indicadas en esta pol\u00edtica de privacidad.<\/p>\n<p id=\"block-4d6eb3e5-6623-43db-a76b-68a8a908979c\"><strong>Revocabilidad<\/strong><\/p>\n<p id=\"block-f1be54d7-de75-4617-83fb-f9b6c0badc6a\">El consentimiento prestado, tanto para el tratamiento como para la cesi\u00f3n de los datos de los interesados, es revocable en cualquier momento comunic\u00e1ndolo a www.harryquelocura<em>.com<\/em> en los t\u00e9rminos establecidos en esta Pol\u00edtica para el ejercicio de los derechos ARCO. Esta revocaci\u00f3n en ning\u00fan caso tendr\u00e1 car\u00e1cter retroactivo.<\/p>\n<p id=\"block-675f64e4-0d63-4a61-a5ad-a613b14523c6\"><strong>Cambios en la pol\u00edtica de privacidad<\/strong><\/p>\n<p id=\"block-ac426f4d-bc08-4a7e-9010-54ea2d29a37e\"><em>www.harryquelocura.com<\/em> \u00a0se reserva el derecho a modificar la presente pol\u00edtica para adaptarla a novedades legislativas o jurisprudenciales, as\u00ed como a pr\u00e1cticas de la industria. En dichos supuestos, <em>Cosasparagatos.com<\/em> anunciar\u00e1 en esta p\u00e1gina los cambios introducidos con razonable antelaci\u00f3n a su puesta en pr\u00e1ctica.<\/p>\n<p id=\"block-310956ef-b24e-4c44-8d4d-c890d838292c\"><strong>Correos comerciales<\/strong><\/p>\n<p id=\"block-5415d74f-4bf2-47e2-aa0d-84159a9b4ad6\">De acuerdo con la LSSICE, www.harryquelocura.com no realiza pr\u00e1cticas de SPAM, por lo que no env\u00eda correos comerciales por v\u00eda electr\u00f3nica que no hayan sido previamente solicitados o autorizados por el usuario.<\/p>\n<p id=\"block-479bded8-0926-4665-a527-08c8ea517703\">Conforme a lo dispuesto en la Ley 34\/2002 de Servicios de la Sociedad de la Informaci\u00f3n<\/p>\n<p id=\"block-8a30fbe4-7078-4477-92ef-134f79690233\">y de Comercio Electr\u00f3nico en Internet, www.harryquelocura.com se compromete a no enviar comunicaciones de car\u00e1cter comercial sin identificarlas debidamente.<\/p>\n<p id=\"block-27c8cf10-2ef3-43b5-a42b-8f17f8875e82\"><strong>POLITICA DE COOKIES<\/strong><\/p>\n<p id=\"block-e5c7fa49-f4af-433c-9932-5d98a4e992ca\"><strong><em>Cosasparagatos.com<\/em><\/strong><\/p>\n<p id=\"block-32266b04-9cc8-4808-8058-1ebbc7740958\"><strong>\u00bfQu\u00e9 son y para qu\u00e9 las utilizamos?<\/strong><\/p>\n<p id=\"block-fc1b398d-4324-4f29-bae1-166fa7b0d04f\">Este sitio web, al igual que la mayor\u00eda de sitios web en Internet, usa cookies para mejorar la experiencia del usuario. A continuaci\u00f3n, encontrar\u00e1 informaci\u00f3n sobre qu\u00e9 son las cookies, qu\u00e9 tipo de cookies utiliza este portal, c\u00f3mo puede desactivar las cookies en su navegador y c\u00f3mo desactivar espec\u00edficamente la instalaci\u00f3n de las cookies de terceros.<\/p>\n<p id=\"block-5f8e724f-9530-41c1-a84d-b90639950bf6\"><strong>\u00bfQu\u00e9 son las cookies?<\/strong><\/p>\n<p id=\"block-9421ac56-1a94-4d4e-b62f-3490948c8f53\">Las cookies son peque\u00f1os archivos que algunas plataformas, como las p\u00e1ginas web, pueden instalar en su ordenador, smartphone, tableta o televisi\u00f3n conectada. Sus funciones pueden ser muy variadas: almacenar sus preferencias de navegaci\u00f3n, recopilar informaci\u00f3n estad\u00edstica, permitir ciertas funcionalidades t\u00e9cnicas, etc\u00e9tera. En ocasiones, las cookies se utilizan para almacenar informaci\u00f3n b\u00e1sica sobre los h\u00e1bitos de navegaci\u00f3n del usuario o de su equipo, hasta el punto, seg\u00fan los casos, de poder reconocerlo.<\/p>\n<p id=\"block-c1df3901-e04f-414b-84f1-bdf048b8040a\"><strong>\u00bfPor qu\u00e9 son importantes?<\/strong><\/p>\n<p id=\"block-bac322d7-e866-4012-9acf-cae53909675c\">Las cookies son \u00fatiles por varios motivos. Desde un punto de vista t\u00e9cnico, permiten que las p\u00e1ginas web funcionen de forma m\u00e1s \u00e1gil y adaptada a sus preferencias, como por ejemplo almacenar su idioma o la moneda de su pa\u00eds. Adem\u00e1s, ayudan a los responsables de los sitios web a mejorar los servicios que ofrecen, gracias a la informaci\u00f3n estad\u00edstica que recogen a trav\u00e9s de ellas.<\/p>\n<p id=\"block-7bedc663-1668-49ad-a1a6-f0bb13f839df\"><strong>\u00bfC\u00f3mo utilizamos las cookies?<\/strong><\/p>\n<p id=\"block-5861c38f-0546-44c8-ac08-e7629cfca4f4\">Navegar por este portal supone que se puedan instalar los siguientes tipos de cookies:<\/p>\n<p><strong>\u00a0\u00a0\u00a0\u2013 Cookies de mejora del rendimiento<\/strong><\/p>\n<p id=\"block-e33c880d-5942-4e86-93c5-c2647e47f6f1\">Este tipo de cookies conserva sus preferencias para ciertas herramientas o servicios para que no tenga que reconfigurarlos cada vez que visita nuestro portal y, en algunos casos, pueden ser aportadas por terceros. En el caso de comercio electr\u00f3nico, permiten mantener informaci\u00f3n sobre su cesta de la compra.<\/p>\n<ul id=\"block-cd719f14-382a-4a5a-af04-3d53f880fcf8\">\n<li>Cookies de an\u00e1lisis estad\u00edstico<\/li>\n<\/ul>\n<p id=\"block-2b4cba5e-846e-43be-841b-98a653091724\">Son aquellas que, bien tratadas por nosotros o por terceros, permiten cuantificar el n\u00famero de visitantes y analizar estad\u00edsticamente la utilizaci\u00f3n que hacen los usuarios de nuestros servicios. Gracias a ello podemos estudiar la navegaci\u00f3n por nuestra p\u00e1gina web, y mejorar as\u00ed la oferta de productos o servicios que ofrecemos.<\/p>\n<p id=\"block-bb6ac1df-f674-4f92-b03b-81cd4bf44e9b\"><strong>\u00a0\u00a0\u00a0\u2013 Cookies de registro<\/strong><\/p>\n<p id=\"block-97fea66e-823e-4ffa-8f71-d352340be94c\">Cuando usted se registra en nuestro sitio web, se generan cookies que le identifican como usuario registrado e indican cu\u00e1ndo usted se ha identificado en el portal. Estas cookies son utilizadas para identificar su cuenta de usuario y sus servicios asociados. Estas cookies se mantienen mientras usted no abandone la cuenta, cierre el navegador o apague el dispositivo. Estas cookies pueden ser utilizadas en combinaci\u00f3n con datos anal\u00edticos para identificar de manera individual sus preferencias en nuestro portal.<\/p>\n<p id=\"block-3361e99a-8c0b-42ac-8b6a-2f3943c34158\"><strong>Otras cookies de terceros<\/strong><\/p>\n<p id=\"block-a237d073-b45c-4205-b2ea-47c29af95d7b\">En algunas de nuestras p\u00e1ginas se pueden instalar cookies de terceros que permitan gestionar y mejorar los servicios que \u00e9stos ofrecen. Un ejemplo de este uso son los enlaces a las redes sociales que permiten compartir nuestros contenidos.<\/p>\n<ul id=\"block-9c09a83e-3fc6-4207-b75e-5b964c8f150d\">\n<li>Los proveedores, incluido Google, utilizan cookies para mostrar anuncios relevantes ateni\u00e9ndose las visitas anteriores de un usuario a su sitio web o a otros sitios web.<\/li>\n<li>El uso de cookies de publicidad permite a Google y a sus socios mostrar anuncios basados en las visitas realizadas por los usuarios a sus sitios web o a otros sitios web de Internet.<\/li>\n<li>Los usuarios pueden inhabilitar la publicidad personalizada. Para ello, deber\u00e1n acceder a\u00a0<a href=\"https:\/\/www.google.com\/settings\/ads\" rel=\"noreferrer noopener\" target=\"_blank\">Preferencias de anuncios<\/a>. (Si no desean que otros proveedores utilicen las cookies para la publicidad personalizada, deber\u00e1n acceder a\u00a0<a href=\"http:\/\/www.aboutads.info\/choices\/\" rel=\"noreferrer noopener\" target=\"_blank\">www.aboutads.info<\/a>.)<\/li>\n<li>Las cookies de otros\u00a0<a href=\"https:\/\/support.google.com\/dfp_premium\/answer\/94149\">proveedores o redes publicitarias<\/a>\u00a0tambi\u00e9n pueden utilizarse para publicar anuncios en el sitio web. En www.cosasparagatos.com se muestran anuncios de otros proveedores y redes publicitarias.<\/li>\n<\/ul>\n<p id=\"block-db79d9b5-b3f8-4d06-bcc3-01037fa6f682\">\n<span style=\"position: absolute; left: -9655px; width: 1px; height: 1px;\"><\/p>\n<p><\/span><br \/>\n<br \/><strong>\u00bfC\u00f3mo puedo configurar mis preferencias?<\/strong><\/p>\n<p id=\"block-44ccb5b2-9793-47c3-9943-6969ac39835b\">Puede permitir, bloquear o eliminar las cookies instaladas en su equipo mediante la configuraci\u00f3n de las opciones de su navegador de internet. En el caso en que las bloquee, es posible que ciertos servicios que necesitan su uso no est\u00e9n disponibles para usted.<\/p>\n<p><!--CusAds0--><\/p>\n<div style=\"font-size: 0px; height: 0px; line-height: 0px; margin: 0; padding: 0; clear: both;\"><\/div>\n","protected":false},"excerpt":{"rendered":"<p>De acuerdo a la Ley Org\u00e1nica 3\/2018 LOPD-GDD y al Reglamento Europeo 2016\/679, RGPD de Protecci\u00f3n de Datos personales, hemos actualizado nuestra Pol\u00edtica de Privacidad. En esta web se respetan y cuidan los datos personales de los usuarios. Como usuario debes saber que tus derechos est\u00e1n garantizados. Es preciso advertir que esta Pol\u00edtica de Privacidad &#8230; <a title=\"Pol\u00edtica de privacidad\" class=\"read-more\" href=\"https:\/\/harryquelocura.com\/index.php\/privacy-policy\/\">Read more<span class=\"screen-reader-text\">Pol\u00edtica de privacidad<\/span><\/a><\/p>\n","protected":false},"author":1,"featured_media":0,"parent":0,"menu_order":0,"comment_status":"closed","ping_status":"closed","template":"","meta":{"footnotes":""},"class_list":["post-3","page","type-page","status-publish"],"_links":{"self":[{"href":"https:\/\/harryquelocura.com\/index.php\/wp-json\/wp\/v2\/pages\/3","targetHints":{"allow":["GET"]}}],"collection":[{"href":"https:\/\/harryquelocura.com\/index.php\/wp-json\/wp\/v2\/pages"}],"about":[{"href":"https:\/\/harryquelocura.com\/index.php\/wp-json\/wp\/v2\/types\/page"}],"author":[{"embeddable":true,"href":"https:\/\/harryquelocura.com\/index.php\/wp-json\/wp\/v2\/users\/1"}],"replies":[{"embeddable":true,"href":"https:\/\/harryquelocura.com\/index.php\/wp-json\/wp\/v2\/comments?post=3"}],"version-history":[{"count":4,"href":"https:\/\/harryquelocura.com\/index.php\/wp-json\/wp\/v2\/pages\/3\/revisions"}],"predecessor-version":[{"id":684,"href":"https:\/\/harryquelocura.com\/index.php\/wp-json\/wp\/v2\/pages\/3\/revisions\/684"}],"wp:attachment":[{"href":"https:\/\/harryquelocura.com\/index.php\/wp-json\/wp\/v2\/media?parent=3"}],"curies":[{"name":"wp","href":"https:\/\/api.w.org\/{rel}","templated":true}]}}